{"id":29777,"date":"2026-04-11T00:51:58","date_gmt":"2026-04-11T00:51:58","guid":{"rendered":"https:\/\/inmobiliare.com\/summits\/?page_id=29777"},"modified":"2026-04-11T00:54:52","modified_gmt":"2026-04-11T00:54:52","slug":"agenda","status":"publish","type":"page","link":"https:\/\/inmobiliare.com\/summits\/agenda\/","title":{"rendered":"Agenda"},"content":{"rendered":"\t\t<div data-elementor-type=\"wp-page\" data-elementor-id=\"29777\" class=\"elementor elementor-29777\" data-elementor-post-type=\"page\">\n\t\t\t\t<div class=\"wd-negative-gap elementor-element elementor-element-8bbe96a e-flex e-con-boxed e-con e-parent\" data-id=\"8bbe96a\" data-element_type=\"container\" data-e-type=\"container\" data-settings=\"{&quot;ekit_has_onepagescroll_dot&quot;:&quot;yes&quot;}\">\n\t\t\t\t\t<div class=\"e-con-inner\">\n\t\t\t\t<div class=\"elementor-element elementor-element-1512e26 elementor-widget elementor-widget-etn-schedule\" data-id=\"1512e26\" data-element_type=\"widget\" data-e-type=\"widget\" data-settings=\"{&quot;ekit_we_effect_on&quot;:&quot;none&quot;}\" data-widget_type=\"etn-schedule.default\">\n\t\t\t\t<div class=\"elementor-widget-container\">\n\t\t\t\t\t<!-- schedule tab start -->\n<div class=\"schedule-tab-wrapper etn-tab-wrapper schedule-style-2\">\n    <ul class='etn-nav'>\n                    <li>\n                <a href='#' class='etn-tab-a etn-active' data-id='tab2634-0'>\n                    <span class=etn-day>Retail 2026<\/span>\n                    <span class='etn-date'>21 May<\/span>\n                <\/a>\n\n            <\/li>\n            <\/ul>\n    <div class='etn-tab-content clearfix etn-schedule-wrap'>\n                    <!-- start repeatable item -->\n            <div class='etn-tab tab-active' data-id='tab2634-0'>\n                <div class='etn-schedule-grid-container'>\n                                                <div class='etn-single-schedule-item etn-schedule-grid-item'>\n                                <div class='etn-schedule-info'>\n                                                                            <span class='etn-schedule-time'> 8:30 am -  <\/span>\n                                                                        <\/div>\n                                <div class='etn-schedule-content'>\n                                    <h4 class='etn-title'>Registro y caf\u00e9 de bienvenida<\/h4>\n                                    <p><\/p>\n                                <\/div>\n                                                                <div class='etn-schedule-right-content'>\n                                        <div class='etn-schedule-single-speaker'>\n                                            <div class='etn-schedule-speaker'>\n                                                                                        <\/div>\n                                        <\/div>\n                                <\/div>\n                                                            <\/div>\n                                                        <div class='etn-single-schedule-item etn-schedule-grid-item'>\n                                <div class='etn-schedule-info'>\n                                                                            <span class='etn-schedule-time'> 9:30 am -  <\/span>\n                                                                        <\/div>\n                                <div class='etn-schedule-content'>\n                                    <h4 class='etn-title'>Bienvenida Inmobiliare<\/h4>\n                                    <p><\/p>\n                                <\/div>\n                                                                <div class='etn-schedule-right-content'>\n                                        <div class='etn-schedule-single-speaker'>\n                                            <div class='etn-schedule-speaker'>\n                                                                                                        <div class='etn-schedule-single-speaker'>\n                                                                <a href='https:\/\/inmobiliare.com\/summits\/speaker\/emiliano' aria-label=\"Emiliano Garc\u00eda Garc\u00eda\">\n                                                                                                                                            <img decoding=\"async\" src=\"https:\/\/inmobiliare.com\/summits\/wp-content\/uploads\/2026\/04\/emiliano-garcia-garcia-300-x-300-px.png\" alt=\"Emiliano Garc\u00eda Garc\u00eda\">\n                                                                                                                                    <\/a>\n                                                                <span class='etn-schedule-speaker-title'>Emiliano Garc\u00eda Garc\u00eda<\/span>\n                                                            <\/div>\n                                                                                                    <\/div>\n                                        <\/div>\n                                <\/div>\n                                                            <\/div>\n                                                        <div class='etn-single-schedule-item etn-schedule-grid-item'>\n                                <div class='etn-schedule-info'>\n                                                                            <span class='etn-schedule-time'> 9:40 am -  <\/span>\n                                                                        <\/div>\n                                <div class='etn-schedule-content'>\n                                    <h4 class='etn-title'>Keynote de apertura: El nuevo mapa del retail en M\u00e9xico y LATAM<\/h4>\n                                    <p><\/p>\n                                <\/div>\n                                                                <div class='etn-schedule-right-content'>\n                                        <div class='etn-schedule-single-speaker'>\n                                            <div class='etn-schedule-speaker'>\n                                                                                        <\/div>\n                                        <\/div>\n                                <\/div>\n                                                            <\/div>\n                                                        <div class='etn-single-schedule-item etn-schedule-grid-item'>\n                                <div class='etn-schedule-info'>\n                                                                            <span class='etn-schedule-time'> 10:00 am -  <\/span>\n                                                                        <\/div>\n                                <div class='etn-schedule-content'>\n                                    <h4 class='etn-title'>Panel 1: Futuro del Retail<\/h4>\n                                    <p><\/p>\n                                <\/div>\n                                                                <div class='etn-schedule-right-content'>\n                                        <div class='etn-schedule-single-speaker'>\n                                            <div class='etn-schedule-speaker'>\n                                                                                        <\/div>\n                                        <\/div>\n                                <\/div>\n                                                            <\/div>\n                                                        <div class='etn-single-schedule-item etn-schedule-grid-item'>\n                                <div class='etn-schedule-info'>\n                                                                            <span class='etn-schedule-time'> 11:00 am -  <\/span>\n                                                                        <\/div>\n                                <div class='etn-schedule-content'>\n                                    <h4 class='etn-title'>Panel 2: Real Estate Comercial<\/h4>\n                                    <p><\/p>\n                                <\/div>\n                                                                <div class='etn-schedule-right-content'>\n                                        <div class='etn-schedule-single-speaker'>\n                                            <div class='etn-schedule-speaker'>\n                                                                                        <\/div>\n                                        <\/div>\n                                <\/div>\n                                                            <\/div>\n                                                        <div class='etn-single-schedule-item etn-schedule-grid-item'>\n                                <div class='etn-schedule-info'>\n                                                                            <span class='etn-schedule-time'> 12:00 pm -  <\/span>\n                                                                        <\/div>\n                                <div class='etn-schedule-content'>\n                                    <h4 class='etn-title'>Coffee Break + Networking<\/h4>\n                                    <p><\/p>\n                                <\/div>\n                                                                <div class='etn-schedule-right-content'>\n                                        <div class='etn-schedule-single-speaker'>\n                                            <div class='etn-schedule-speaker'>\n                                                                                        <\/div>\n                                        <\/div>\n                                <\/div>\n                                                            <\/div>\n                                                        <div class='etn-single-schedule-item etn-schedule-grid-item'>\n                                <div class='etn-schedule-info'>\n                                                                            <span class='etn-schedule-time'> 12:30 pm -  <\/span>\n                                                                        <\/div>\n                                <div class='etn-schedule-content'>\n                                    <h4 class='etn-title'>Panel 3: Omnicanalidad &amp; Data<\/h4>\n                                    <p><\/p>\n                                <\/div>\n                                                                <div class='etn-schedule-right-content'>\n                                        <div class='etn-schedule-single-speaker'>\n                                            <div class='etn-schedule-speaker'>\n                                                                                        <\/div>\n                                        <\/div>\n                                <\/div>\n                                                            <\/div>\n                                                        <div class='etn-single-schedule-item etn-schedule-grid-item'>\n                                <div class='etn-schedule-info'>\n                                                                            <span class='etn-schedule-time'> 1:30 pm -  <\/span>\n                                                                        <\/div>\n                                <div class='etn-schedule-content'>\n                                    <h4 class='etn-title'>Panel 4: Social Commerce<\/h4>\n                                    <p><\/p>\n                                <\/div>\n                                                                <div class='etn-schedule-right-content'>\n                                        <div class='etn-schedule-single-speaker'>\n                                            <div class='etn-schedule-speaker'>\n                                                                                        <\/div>\n                                        <\/div>\n                                <\/div>\n                                                            <\/div>\n                                                        <div class='etn-single-schedule-item etn-schedule-grid-item'>\n                                <div class='etn-schedule-info'>\n                                                                            <span class='etn-schedule-time'> 2:15 pm -  <\/span>\n                                                                        <\/div>\n                                <div class='etn-schedule-content'>\n                                    <h4 class='etn-title'>Comida Libre + Networking<\/h4>\n                                    <p><\/p>\n                                <\/div>\n                                                                <div class='etn-schedule-right-content'>\n                                        <div class='etn-schedule-single-speaker'>\n                                            <div class='etn-schedule-speaker'>\n                                                                                        <\/div>\n                                        <\/div>\n                                <\/div>\n                                                            <\/div>\n                                                        <div class='etn-single-schedule-item etn-schedule-grid-item'>\n                                <div class='etn-schedule-info'>\n                                                                            <span class='etn-schedule-time'> 3:30 pm -  <\/span>\n                                                                        <\/div>\n                                <div class='etn-schedule-content'>\n                                    <h4 class='etn-title'>Panel 5: Experiencia &amp; Nuevos Formatos<\/h4>\n                                    <p><\/p>\n                                <\/div>\n                                                                <div class='etn-schedule-right-content'>\n                                        <div class='etn-schedule-single-speaker'>\n                                            <div class='etn-schedule-speaker'>\n                                                                                        <\/div>\n                                        <\/div>\n                                <\/div>\n                                                            <\/div>\n                                                        <div class='etn-single-schedule-item etn-schedule-grid-item'>\n                                <div class='etn-schedule-info'>\n                                                                            <span class='etn-schedule-time'> 4:30 pm -  <\/span>\n                                                                        <\/div>\n                                <div class='etn-schedule-content'>\n                                    <h4 class='etn-title'>Panel 6: Capital &amp; Expansi\u00f3n<\/h4>\n                                    <p><\/p>\n                                <\/div>\n                                                                <div class='etn-schedule-right-content'>\n                                        <div class='etn-schedule-single-speaker'>\n                                            <div class='etn-schedule-speaker'>\n                                                                                        <\/div>\n                                        <\/div>\n                                <\/div>\n                                                            <\/div>\n                                                        <div class='etn-single-schedule-item etn-schedule-grid-item'>\n                                <div class='etn-schedule-info'>\n                                                                            <span class='etn-schedule-time'> 5:30 pm -  <\/span>\n                                                                        <\/div>\n                                <div class='etn-schedule-content'>\n                                    <h4 class='etn-title'>Cierre y conclusiones<\/h4>\n                                    <p><\/p>\n                                <\/div>\n                                                                <div class='etn-schedule-right-content'>\n                                        <div class='etn-schedule-single-speaker'>\n                                            <div class='etn-schedule-speaker'>\n                                                                                        <\/div>\n                                        <\/div>\n                                <\/div>\n                                                            <\/div>\n                                                        <div class='etn-single-schedule-item etn-schedule-grid-item'>\n                                <div class='etn-schedule-info'>\n                                                                            <span class='etn-schedule-time'> 6:00 pm -  <\/span>\n                                                                        <\/div>\n                                <div class='etn-schedule-content'>\n                                    <h4 class='etn-title'>C\u00f3ctel de networking<\/h4>\n                                    <p><\/p>\n                                <\/div>\n                                                                <div class='etn-schedule-right-content'>\n                                        <div class='etn-schedule-single-speaker'>\n                                            <div class='etn-schedule-speaker'>\n                                                                                        <\/div>\n                                        <\/div>\n                                <\/div>\n                                                            <\/div>\n                                            <\/div>\n            <\/div>\n            <!-- end repeatable item -->\n            <\/div>\n<\/div>\n<!-- schedule tab end -->\n\t\t\t\t<\/div>\n\t\t\t\t<\/div>\n\t\t\t\t\t<\/div>\n\t\t\t\t<\/div>\n\t\t\t\t<\/div>\n\t\t","protected":false},"excerpt":{"rendered":"<p>Retail 2026 21 May 8:30 am &#8211; Registro y caf\u00e9 de bienvenida 9:30 am &#8211; Bienvenida Inmobiliare Emiliano Garc\u00eda Garc\u00eda<\/p>\n","protected":false},"author":1,"featured_media":0,"parent":0,"menu_order":0,"comment_status":"closed","ping_status":"closed","template":"","meta":{"rs_blank_template":"","rs_page_bg_color":"","slide_template_v7":"","footnotes":""},"class_list":["post-29777","page","type-page","status-publish","hentry"],"_links":{"self":[{"href":"https:\/\/inmobiliare.com\/summits\/wp-json\/wp\/v2\/pages\/29777","targetHints":{"allow":["GET"]}}],"collection":[{"href":"https:\/\/inmobiliare.com\/summits\/wp-json\/wp\/v2\/pages"}],"about":[{"href":"https:\/\/inmobiliare.com\/summits\/wp-json\/wp\/v2\/types\/page"}],"author":[{"embeddable":true,"href":"https:\/\/inmobiliare.com\/summits\/wp-json\/wp\/v2\/users\/1"}],"replies":[{"embeddable":true,"href":"https:\/\/inmobiliare.com\/summits\/wp-json\/wp\/v2\/comments?post=29777"}],"version-history":[{"count":4,"href":"https:\/\/inmobiliare.com\/summits\/wp-json\/wp\/v2\/pages\/29777\/revisions"}],"predecessor-version":[{"id":29781,"href":"https:\/\/inmobiliare.com\/summits\/wp-json\/wp\/v2\/pages\/29777\/revisions\/29781"}],"wp:attachment":[{"href":"https:\/\/inmobiliare.com\/summits\/wp-json\/wp\/v2\/media?parent=29777"}],"curies":[{"name":"wp","href":"https:\/\/api.w.org\/{rel}","templated":true}]}}